{"id":68845,"date":"2025-07-15T08:24:04","date_gmt":"2025-07-15T06:24:04","guid":{"rendered":"https:\/\/nebimusedtrucks.eu\/?page_id=68845"},"modified":"2025-07-15T12:14:17","modified_gmt":"2025-07-15T10:14:17","slug":"colofon","status":"publish","type":"page","link":"https:\/\/nebimusedtrucks.eu\/es\/colofon\/","title":{"rendered":"Colof\u00f3n"},"content":{"rendered":"<h1 class=\"wp-block-heading\">COLOFON<\/h1>\n\n\n\n<p>La informaci\u00f3n contenida en el sitio web de Nebim Used Trucks, los textos y el material gr\u00e1fico est\u00e1n sujetos a los derechos de autor del Grupo Nebim. No se puede derivar ning\u00fan derecho de la informaci\u00f3n de este sitio web.&nbsp;<\/p>\n\n\n\n<h3 class=\"wp-block-heading\">CREACI\u00d3N DEL SITIO WEB<\/h3>\n\n\n\n<p>El m\u00f3dulo de inventario fue proporcionado por\u00a0<a href=\"https:\/\/www.vextpro.com\/\" target=\"_blank\" rel=\"noreferrer noopener\">vextPro.<\/a><\/p>","protected":false},"excerpt":{"rendered":"<p>COLOFON De informatie op de website van Nebim Used Trucks, de teksten en het beeldmateriaal vallen onder het copyright van Nebim Groep. Aan de op deze website aanwezige informatie kunnen geen rechten&nbsp;worden&nbsp;ontleend.&nbsp; TOTSTANDKOMING VAN DE WEBSITE De voorraadmodule\u00a0is verzorgd door\u00a0vextPro.<\/p>","protected":false},"author":1,"featured_media":0,"parent":0,"menu_order":0,"comment_status":"closed","ping_status":"closed","template":"","meta":{"_acf_changed":false,"footnotes":""},"class_list":["post-68845","page","type-page","status-publish","hentry"],"acf":[],"yoast_head":"<!-- This site is optimized with the Yoast SEO plugin v26.2 - https:\/\/yoast.com\/wordpress\/plugins\/seo\/ -->\n<title>Colofon - Nebim Used Trucks<\/title>\n<meta name=\"robots\" content=\"index, follow, max-snippet:-1, max-image-preview:large, max-video-preview:-1\" \/>\n<link rel=\"canonical\" href=\"https:\/\/nebimusedtrucks.eu\/es\/colofon\/\" \/>\n<meta property=\"og:locale\" content=\"es_ES\" \/>\n<meta property=\"og:type\" content=\"article\" \/>\n<meta property=\"og:title\" content=\"Colofon - Nebim Used Trucks\" \/>\n<meta property=\"og:description\" content=\"COLOFON De informatie op de website van Nebim Used Trucks, de teksten en het beeldmateriaal vallen onder het copyright van Nebim Groep. Aan de op deze website aanwezige informatie kunnen geen rechten&nbsp;worden&nbsp;ontleend.&nbsp; TOTSTANDKOMING VAN DE WEBSITE De voorraadmodule\u00a0is verzorgd door\u00a0vextPro.\" \/>\n<meta property=\"og:url\" content=\"https:\/\/nebimusedtrucks.eu\/es\/colofon\/\" \/>\n<meta property=\"og:site_name\" content=\"Nebim Used Trucks\" \/>\n<meta property=\"article:publisher\" content=\"https:\/\/www.facebook.com\/NebimUsedTrucks\" \/>\n<meta property=\"article:modified_time\" content=\"2025-07-15T10:14:17+00:00\" \/>\n<meta property=\"og:image\" content=\"https:\/\/nebimusedtrucks.eu\/wp-content\/uploads\/2025\/07\/Nebim-Used-Trucks-Favicon.webp\" \/>\n\t<meta property=\"og:image:width\" content=\"512\" \/>\n\t<meta property=\"og:image:height\" content=\"512\" \/>\n\t<meta property=\"og:image:type\" content=\"image\/webp\" \/>\n<meta name=\"twitter:card\" content=\"summary_large_image\" \/>\n<meta name=\"twitter:label1\" content=\"Tiempo de lectura\" \/>\n\t<meta name=\"twitter:data1\" content=\"1 minuto\" \/>\n<script type=\"application\/ld+json\" class=\"yoast-schema-graph\">{\"@context\":\"https:\/\/schema.org\",\"@graph\":[{\"@type\":\"WebPage\",\"@id\":\"https:\/\/nebimusedtrucks.eu\/colofon\/\",\"url\":\"https:\/\/nebimusedtrucks.eu\/colofon\/\",\"name\":\"Colofon - Nebim Used Trucks\",\"isPartOf\":{\"@id\":\"https:\/\/nebimusedtrucks.eu\/#website\"},\"datePublished\":\"2025-07-15T06:24:04+00:00\",\"dateModified\":\"2025-07-15T10:14:17+00:00\",\"breadcrumb\":{\"@id\":\"https:\/\/nebimusedtrucks.eu\/colofon\/#breadcrumb\"},\"inLanguage\":\"es\",\"potentialAction\":[{\"@type\":\"ReadAction\",\"target\":[\"https:\/\/nebimusedtrucks.eu\/colofon\/\"]}]},{\"@type\":\"BreadcrumbList\",\"@id\":\"https:\/\/nebimusedtrucks.eu\/colofon\/#breadcrumb\",\"itemListElement\":[{\"@type\":\"ListItem\",\"position\":1,\"name\":\"Home\",\"item\":\"https:\/\/nebimusedtrucks.eu\/\"},{\"@type\":\"ListItem\",\"position\":2,\"name\":\"Colofon\"}]},{\"@type\":\"WebSite\",\"@id\":\"https:\/\/nebimusedtrucks.eu\/#website\",\"url\":\"https:\/\/nebimusedtrucks.eu\/\",\"name\":\"Nebim Used Trucks\",\"description\":\"Het juiste adres voor aankoop en verkoop van gebruikte trucks, trailers en bedrijfswagens\",\"publisher\":{\"@id\":\"https:\/\/nebimusedtrucks.eu\/#organization\"},\"potentialAction\":[{\"@type\":\"SearchAction\",\"target\":{\"@type\":\"EntryPoint\",\"urlTemplate\":\"https:\/\/nebimusedtrucks.eu\/?s={search_term_string}\"},\"query-input\":{\"@type\":\"PropertyValueSpecification\",\"valueRequired\":true,\"valueName\":\"search_term_string\"}}],\"inLanguage\":\"es\"},{\"@type\":\"Organization\",\"@id\":\"https:\/\/nebimusedtrucks.eu\/#organization\",\"name\":\"Nebim Used Trucks\",\"url\":\"https:\/\/nebimusedtrucks.eu\/\",\"logo\":{\"@type\":\"ImageObject\",\"inLanguage\":\"es\",\"@id\":\"https:\/\/nebimusedtrucks.eu\/#\/schema\/logo\/image\/\",\"url\":\"https:\/\/nebimusedtrucks.eu\/wp-content\/uploads\/2025\/06\/2019-nebim-used-trucks_RGB.png\",\"contentUrl\":\"https:\/\/nebimusedtrucks.eu\/wp-content\/uploads\/2025\/06\/2019-nebim-used-trucks_RGB.png\",\"width\":1192,\"height\":380,\"caption\":\"Nebim Used Trucks\"},\"image\":{\"@id\":\"https:\/\/nebimusedtrucks.eu\/#\/schema\/logo\/image\/\"},\"sameAs\":[\"https:\/\/www.facebook.com\/NebimUsedTrucks\",\"https:\/\/www.instagram.com\/nebim_used_trucks\/\",\"https:\/\/www.linkedin.com\/company\/10540837\/admin\/page-posts\/published\/\"]}]}<\/script>\n<!-- \/ Yoast SEO plugin. -->","yoast_head_json":{"title":"Colof\u00f3n - Nebim Used Trucks","robots":{"index":"index","follow":"follow","max-snippet":"max-snippet:-1","max-image-preview":"max-image-preview:large","max-video-preview":"max-video-preview:-1"},"canonical":"https:\/\/nebimusedtrucks.eu\/es\/colofon\/","og_locale":"es_ES","og_type":"article","og_title":"Colofon - Nebim Used Trucks","og_description":"COLOFON De informatie op de website van Nebim Used Trucks, de teksten en het beeldmateriaal vallen onder het copyright van Nebim Groep. Aan de op deze website aanwezige informatie kunnen geen rechten&nbsp;worden&nbsp;ontleend.&nbsp; TOTSTANDKOMING VAN DE WEBSITE De voorraadmodule\u00a0is verzorgd door\u00a0vextPro.","og_url":"https:\/\/nebimusedtrucks.eu\/es\/colofon\/","og_site_name":"Nebim Used Trucks","article_publisher":"https:\/\/www.facebook.com\/NebimUsedTrucks","article_modified_time":"2025-07-15T10:14:17+00:00","og_image":[{"width":512,"height":512,"url":"https:\/\/nebimusedtrucks.eu\/wp-content\/uploads\/2025\/07\/Nebim-Used-Trucks-Favicon.webp","type":"image\/webp"}],"twitter_card":"summary_large_image","twitter_misc":{"Tiempo de lectura":"1 minuto"},"schema":{"@context":"https:\/\/schema.org","@graph":[{"@type":"WebPage","@id":"https:\/\/nebimusedtrucks.eu\/colofon\/","url":"https:\/\/nebimusedtrucks.eu\/colofon\/","name":"Colof\u00f3n - Nebim Used Trucks","isPartOf":{"@id":"https:\/\/nebimusedtrucks.eu\/#website"},"datePublished":"2025-07-15T06:24:04+00:00","dateModified":"2025-07-15T10:14:17+00:00","breadcrumb":{"@id":"https:\/\/nebimusedtrucks.eu\/colofon\/#breadcrumb"},"inLanguage":"es","potentialAction":[{"@type":"ReadAction","target":["https:\/\/nebimusedtrucks.eu\/colofon\/"]}]},{"@type":"BreadcrumbList","@id":"https:\/\/nebimusedtrucks.eu\/colofon\/#breadcrumb","itemListElement":[{"@type":"ListItem","position":1,"name":"Home","item":"https:\/\/nebimusedtrucks.eu\/"},{"@type":"ListItem","position":2,"name":"Colofon"}]},{"@type":"WebSite","@id":"https:\/\/nebimusedtrucks.eu\/#website","url":"https:\/\/nebimusedtrucks.eu\/","name":"Nebim Used Trucks","description":"La direcci\u00f3n correcta para comprar y vender camiones, remolques y veh\u00edculos utilitarios usados","publisher":{"@id":"https:\/\/nebimusedtrucks.eu\/#organization"},"potentialAction":[{"@type":"SearchAction","target":{"@type":"EntryPoint","urlTemplate":"https:\/\/nebimusedtrucks.eu\/?s={search_term_string}"},"query-input":{"@type":"PropertyValueSpecification","valueRequired":true,"valueName":"search_term_string"}}],"inLanguage":"es"},{"@type":"Organization","@id":"https:\/\/nebimusedtrucks.eu\/#organization","name":"Nebim Used Trucks","url":"https:\/\/nebimusedtrucks.eu\/","logo":{"@type":"ImageObject","inLanguage":"es","@id":"https:\/\/nebimusedtrucks.eu\/#\/schema\/logo\/image\/","url":"https:\/\/nebimusedtrucks.eu\/wp-content\/uploads\/2025\/06\/2019-nebim-used-trucks_RGB.png","contentUrl":"https:\/\/nebimusedtrucks.eu\/wp-content\/uploads\/2025\/06\/2019-nebim-used-trucks_RGB.png","width":1192,"height":380,"caption":"Nebim Used Trucks"},"image":{"@id":"https:\/\/nebimusedtrucks.eu\/#\/schema\/logo\/image\/"},"sameAs":["https:\/\/www.facebook.com\/NebimUsedTrucks","https:\/\/www.instagram.com\/nebim_used_trucks\/","https:\/\/www.linkedin.com\/company\/10540837\/admin\/page-posts\/published\/"]}]}},"_links":{"self":[{"href":"https:\/\/nebimusedtrucks.eu\/es\/wp-json\/wp\/v2\/pages\/68845","targetHints":{"allow":["GET"]}}],"collection":[{"href":"https:\/\/nebimusedtrucks.eu\/es\/wp-json\/wp\/v2\/pages"}],"about":[{"href":"https:\/\/nebimusedtrucks.eu\/es\/wp-json\/wp\/v2\/types\/page"}],"author":[{"embeddable":true,"href":"https:\/\/nebimusedtrucks.eu\/es\/wp-json\/wp\/v2\/users\/1"}],"replies":[{"embeddable":true,"href":"https:\/\/nebimusedtrucks.eu\/es\/wp-json\/wp\/v2\/comments?post=68845"}],"version-history":[{"count":2,"href":"https:\/\/nebimusedtrucks.eu\/es\/wp-json\/wp\/v2\/pages\/68845\/revisions"}],"predecessor-version":[{"id":68852,"href":"https:\/\/nebimusedtrucks.eu\/es\/wp-json\/wp\/v2\/pages\/68845\/revisions\/68852"}],"wp:attachment":[{"href":"https:\/\/nebimusedtrucks.eu\/es\/wp-json\/wp\/v2\/media?parent=68845"}],"curies":[{"name":"wp","href":"https:\/\/api.w.org\/{rel}","templated":true}]}}