{"id":68840,"date":"2025-07-15T08:19:54","date_gmt":"2025-07-15T06:19:54","guid":{"rendered":"https:\/\/nebimusedtrucks.eu\/?page_id=68840"},"modified":"2025-07-15T08:20:54","modified_gmt":"2025-07-15T06:20:54","slug":"declaration-de-confidentialite","status":"publish","type":"page","link":"https:\/\/nebimusedtrucks.eu\/fr\/declaration-de-confidentialite\/","title":{"rendered":"D\u00e9claration de confidentialit\u00e9"},"content":{"rendered":"<h1 class=\"wp-block-heading\">D\u00e9claration de confidentialit\u00e9<\/h1>\n\n\n\n<p>Le groupe Nebim, qui comprend les noms commerciaux susmentionn\u00e9s, est responsable du traitement des donn\u00e9es \u00e0 caract\u00e8re personnel tel qu'il est d\u00e9crit dans la pr\u00e9sente d\u00e9claration de confidentialit\u00e9.<\/p>\n\n\n\n<h3 class=\"wp-block-heading\">Donn\u00e9es personnelles<\/h3>\n\n\n\n<p>Par donn\u00e9es \u00e0 caract\u00e8re personnel, nous entendons toutes les donn\u00e9es qui permettent d'identifier les individus.<\/p>\n\n\n\n<p>Nous traitons vos donn\u00e9es personnelles parce que vous utilisez nos services et\/ou parce que vous nous les fournissez vous-m\u00eame. Vous trouverez ci-dessous un aper\u00e7u des donn\u00e9es personnelles que nous traitons :<\/p>\n\n\n\n<ul class=\"wp-block-list\">\n<li>Nom de l'entreprise<\/li>\n\n\n\n<li>Pr\u00e9nom et nom<\/li>\n\n\n\n<li>Coordonn\u00e9es<\/li>\n\n\n\n<li>Num\u00e9ro de t\u00e9l\u00e9phone<\/li>\n\n\n\n<li>Adresse \u00e9lectronique<\/li>\n\n\n\n<li>d'autres donn\u00e9es \u00e0 caract\u00e8re personnel que vous fournissez activement, par exemple par correspondance ou par t\u00e9l\u00e9phone.<\/li>\n<\/ul>\n\n\n\n<h3 class=\"wp-block-heading\">Donn\u00e9es personnelles particuli\u00e8res et\/ou sensibles<\/h3>\n\n\n\n<p>Nous ne traitons les donn\u00e9es personnelles des mineurs (personnes \u00e2g\u00e9es de moins de 16 ans) que si le parent, le tuteur ou le repr\u00e9sentant l\u00e9gal a donn\u00e9 son consentement \u00e9crit. Si vous \u00eates convaincu que nous avons collect\u00e9 des donn\u00e9es personnelles sur un mineur sans ce consentement, veuillez nous contacter et nous supprimerons ces informations.<\/p>\n\n\n\n<h3 class=\"wp-block-heading\">Traitement des donn\u00e9es \u00e0 caract\u00e8re personnel<\/h3>\n\n\n\n<p>Nous traitons vos donn\u00e9es personnelles aux fins suivantes :<\/p>\n\n\n\n<ul class=\"wp-block-list\">\n<li>Envoi de notre lettre d'information.<\/li>\n\n\n\n<li>vous appeler ou vous envoyer un courrier \u00e9lectronique si cela s'av\u00e8re n\u00e9cessaire pour la mise en \u0153uvre de nos services.<\/li>\n\n\n\n<li>vous informer des changements apport\u00e9s \u00e0 nos services et produits.<\/li>\n\n\n\n<li>Pour vous fournir des biens et des services.<\/li>\n\n\n\n<li>Nous traitons \u00e9galement des donn\u00e9es \u00e0 caract\u00e8re personnel si nous sommes l\u00e9galement tenus de le faire, comme les donn\u00e9es dont nous avons besoin pour notre d\u00e9claration d'imp\u00f4ts.<\/li>\n<\/ul>\n\n\n\n<h3 class=\"wp-block-heading\">Prise de d\u00e9cision automatis\u00e9e<\/h3>\n\n\n\n<p>Nous ne prenons pas de d\u00e9cisions fond\u00e9es sur un traitement automatis\u00e9 concernant des questions susceptibles d'affecter (de mani\u00e8re significative) les personnes. Il s'agit de d\u00e9cisions prises par des programmes ou des syst\u00e8mes informatiques, sans qu'un \u00eatre humain (par exemple un employ\u00e9 du groupe Nebim) ne soit impliqu\u00e9.<\/p>\n\n\n\n<h3 class=\"wp-block-heading\">Dur\u00e9e de conservation des donn\u00e9es personnelles<\/h3>\n\n\n\n<p>Nous ne conservons pas vos donn\u00e9es personnelles plus longtemps que ce qui est strictement n\u00e9cessaire pour atteindre les objectifs pour lesquels elles ont \u00e9t\u00e9 collect\u00e9es.<\/p>\n\n\n\n<h3 class=\"wp-block-heading\">Partage des donn\u00e9es personnelles avec des tiers<\/h3>\n\n\n\n<p>Le groupe Nebim ne vend pas vos donn\u00e9es \u00e0 des tiers et ne les fournira que si cela est n\u00e9cessaire \u00e0 l'ex\u00e9cution de notre contrat avec vous ou au respect d'une obligation l\u00e9gale. Nous concluons un accord de traitement avec les soci\u00e9t\u00e9s qui traitent vos donn\u00e9es en notre nom afin de garantir le m\u00eame niveau de s\u00e9curit\u00e9 et de confidentialit\u00e9 de vos donn\u00e9es. Nous restons responsables de ces op\u00e9rations de traitement. Nous ne fournissons pas de donn\u00e9es \u00e0 caract\u00e8re personnel \u00e0 des parties situ\u00e9es en dehors de l'UE.<\/p>\n\n\n\n<h3 class=\"wp-block-heading\">Votre visite sur notre site web<\/h3>\n\n\n\n<p>L'objectif principal de l'enregistrement des informations est de faciliter les visites sur notre site. Seules les informations que nous jugeons n\u00e9cessaires pour atteindre cet objectif sont enregistr\u00e9es. Vous n'\u00eates pas oblig\u00e9 de partager ces informations.<\/p>\n\n\n\n<h3 class=\"wp-block-heading\">Stockage des informations<\/h3>\n\n\n\n<p>Lorsque vous visitez ce site web, nous pouvons stocker certaines informations relatives \u00e0 votre visite. Ces informations sont les suivantes<\/p>\n\n\n\n<ul class=\"wp-block-list\">\n<li>L'adresse IP - ne permet pas de vous identifier en tant que personne<\/li>\n\n\n\n<li>Le fournisseur d'acc\u00e8s \u00e0 Internet (FAI)<\/li>\n\n\n\n<li>La dur\u00e9e de la visite<\/li>\n\n\n\n<li>Pages visit\u00e9es<\/li>\n\n\n\n<li>La page d'entr\u00e9e\/sortie<\/li>\n\n\n\n<li>Le nombre de fois que le site web est visit\u00e9<\/li>\n\n\n\n<li>Le dispositif utilis\u00e9<\/li>\n\n\n\n<li>Informations sur le syst\u00e8me d'exploitation<\/li>\n\n\n\n<li>Informations sur le navigateur Internet<\/li>\n<\/ul>\n\n\n\n<p>Ces informations sont utilis\u00e9es \u00e0 des fins statistiques. Il s'agit notamment de Google Analytics, Google Adwords, Remarketing Google Adwords, Hotjar (outil d'utilisation du site web) et leads.vzw (outil permettant d'enregistrer l'utilisation et le comportement du site web). Sur certaines pages, il vous sera demand\u00e9 de laisser des informations telles que votre nom et vos coordonn\u00e9es. Par exemple, lorsque vous vous inscrivez \u00e0 la lettre d'information, lorsque vous t\u00e9l\u00e9chargez un livre blanc ou d'autres documents. Dans ces cas, nous vous demandons explicitement l'autorisation d'utiliser vos donn\u00e9es \u00e0 des fins de marketing. Vous recevrez une confirmation par courrier \u00e9lectronique. Chaque fois que vous \u00eates sollicit\u00e9, vous pouvez vous d\u00e9sinscrire.<\/p>\n\n\n\n<h3 class=\"wp-block-heading\">Google Analytics<\/h3>\n\n\n\n<p>Sur notre site web, un cookie est install\u00e9 par la soci\u00e9t\u00e9 am\u00e9ricaine Google, dans le cadre du service \"Analytics\". Nous utilisons ce service pour suivre l'utilisation du site par les visiteurs et recevoir des rapports \u00e0 ce sujet. Google est susceptible de communiquer ces informations \u00e0 des tiers en cas d'obligation l\u00e9gale ou dans la mesure o\u00f9 des tiers traitent ces donn\u00e9es pour le compte de Google. Nous n'avons aucune influence sur ce point. Les informations collect\u00e9es par Google sont anonymis\u00e9es dans la mesure du possible. Votre adresse IP n'est express\u00e9ment pas communiqu\u00e9e et les informations ne permettent pas de vous identifier. Les informations sont transf\u00e9r\u00e9es et stock\u00e9es par Google sur des serveurs situ\u00e9s aux \u00c9tats-Unis. Google d\u00e9clare adh\u00e9rer aux principes du bouclier de protection de la vie priv\u00e9e et est affili\u00e9 au programme du bouclier de protection de la vie priv\u00e9e du minist\u00e8re am\u00e9ricain du commerce. Cela implique un niveau de protection ad\u00e9quat pour le traitement des donn\u00e9es personnelles.<\/p>\n\n\n\n<h3 class=\"wp-block-heading\">M\u00e9dias sociaux<\/h3>\n\n\n\n<p>Notre site web comprend des boutons permettant de promouvoir (\"like\") ou de partager (\"tweet\") des pages web sur les r\u00e9seaux sociaux. Ces boutons fonctionnent gr\u00e2ce \u00e0 des extraits de code provenant des m\u00e9dias sociaux eux-m\u00eames.<\/p>\n\n\n\n<p>Des cookies sont install\u00e9s au moyen de ce code. Nous n'avons aucune influence sur ceux-ci. Veuillez lire la d\u00e9claration de confidentialit\u00e9 des m\u00e9dias sociaux pour savoir ce qu'ils font de vos donn\u00e9es (personnelles), qu'ils traitent par le biais de ces cookies. Les informations qu'ils collectent sont anonymis\u00e9es dans la mesure du possible. Les informations sont transf\u00e9r\u00e9es et stock\u00e9es par Twitter, Facebook, Google+ et LinkedIn sur des serveurs situ\u00e9s aux \u00c9tats-Unis. LinkedIn, Twitter, Facebook et Google+ adh\u00e8rent aux principes du Privacy Shield et sont membres du programme Privacy Shield du minist\u00e8re am\u00e9ricain du commerce.<\/p>\n\n\n\n<p>Il existe des exceptions \u00e0 cette r\u00e8gle :<\/p>\n\n\n\n<ul class=\"wp-block-list\">\n<li>si vous nous en avez donn\u00e9 l'autorisation expresse<\/li>\n\n\n\n<li>Il existe des bases juridiques pour le faire.<\/li>\n<\/ul>\n\n\n\n<h3 class=\"wp-block-heading\">S\u00e9curisation des donn\u00e9es personnelles<\/h3>\n\n\n\n<p>Nous prenons au s\u00e9rieux la protection de vos donn\u00e9es et prenons \u00e9galement des mesures appropri\u00e9es pour lutter contre les abus, les pertes, les acc\u00e8s non autoris\u00e9s, les divulgations non d\u00e9sir\u00e9es et les modifications non autoris\u00e9es. Si vous estimez que vos donn\u00e9es ne sont pas correctement s\u00e9curis\u00e9es ou qu'il existe des indices d'utilisation abusive, veuillez nous contacter.<\/p>\n\n\n\n<h3 class=\"wp-block-heading\">Droits concernant vos donn\u00e9es<\/h3>\n\n\n\n<p>Vous avez le droit de consulter, de rectifier ou de supprimer les donn\u00e9es \u00e0 caract\u00e8re personnel que nous avons re\u00e7ues de votre part. Vous pouvez \u00e9galement vous opposer au traitement de tout ou partie de vos donn\u00e9es \u00e0 caract\u00e8re personnel par nous ou l'un de nos sous-traitants. Vous avez \u00e9galement le droit de nous demander de transf\u00e9rer les donn\u00e9es que vous avez fournies \u00e0 vous-m\u00eame ou en votre nom directement \u00e0 une autre partie. Il se peut que nous vous demandions de vous identifier avant de pouvoir donner suite aux demandes susmentionn\u00e9es. Si nous traitons vos donn\u00e9es \u00e0 caract\u00e8re personnel sur la base d'un consentement que vous avez donn\u00e9 \u00e0 cet effet, vous avez toujours le droit de retirer ce consentement.<\/p>\n\n\n\n<h3 class=\"wp-block-heading\">Questions<\/h3>\n\n\n\n<p>Si vous avez des questions ou des commentaires concernant notre d\u00e9claration de confidentialit\u00e9, veuillez nous contacter. Nous pouvons \u00eatre contact\u00e9s \u00e0 l'adresse suivante : usedtrucks@nebim.eu.<\/p>","protected":false},"excerpt":{"rendered":"<p>D\u00e9claration de confidentialit\u00e9 Le groupe Nebim, qui comprend les noms commerciaux ci-dessus, est responsable du traitement des donn\u00e9es \u00e0 caract\u00e8re personnel tel qu'il est d\u00e9crit dans la pr\u00e9sente d\u00e9claration de confidentialit\u00e9. Donn\u00e9es \u00e0 caract\u00e8re personnel Par donn\u00e9es \u00e0 caract\u00e8re personnel, nous entendons toutes les donn\u00e9es permettant d'identifier individuellement des personnes. Nous traitons vos donn\u00e9es personnelles parce que vous utilisez nos services et\/ou parce que vous nous fournissez vous-m\u00eame ces donn\u00e9es. Ci-dessous [...]<\/p>","protected":false},"author":1,"featured_media":0,"parent":0,"menu_order":0,"comment_status":"closed","ping_status":"closed","template":"","meta":{"_acf_changed":false,"footnotes":""},"class_list":["post-68840","page","type-page","status-publish","hentry"],"acf":[],"yoast_head":"<!-- This site is optimized with the Yoast SEO plugin v26.2 - https:\/\/yoast.com\/wordpress\/plugins\/seo\/ -->\n<title>Privacyverklaring - Nebim Used Trucks<\/title>\n<meta name=\"robots\" content=\"index, follow, max-snippet:-1, max-image-preview:large, max-video-preview:-1\" \/>\n<link rel=\"canonical\" href=\"https:\/\/nebimusedtrucks.eu\/fr\/declaration-de-confidentialite\/\" \/>\n<meta property=\"og:locale\" content=\"fr_FR\" \/>\n<meta property=\"og:type\" content=\"article\" \/>\n<meta property=\"og:title\" content=\"Privacyverklaring - Nebim Used Trucks\" \/>\n<meta property=\"og:description\" content=\"Privacyverklaring Nebim Groep, hieronder worden bovenstaande handelsnamen onder verstaan, is verantwoordelijk voor de verwerking van persoonsgegevens zoals weergegeven in deze privacyverklaring. Persoonsgegevens Onder persoonsgegevens verstaan wij alle gegevens waarmee personen individueel te identificeren zijn. Wij verwerken uw persoonsgegevens doordat u gebruik maakt van onze diensten en\/of omdat u deze gegevens zelf aan ons verstrekt. Hieronder [&hellip;]\" \/>\n<meta property=\"og:url\" content=\"https:\/\/nebimusedtrucks.eu\/fr\/declaration-de-confidentialite\/\" \/>\n<meta property=\"og:site_name\" content=\"Nebim Used Trucks\" \/>\n<meta property=\"article:publisher\" content=\"https:\/\/www.facebook.com\/NebimUsedTrucks\" \/>\n<meta property=\"article:modified_time\" content=\"2025-07-15T06:20:54+00:00\" \/>\n<meta property=\"og:image\" content=\"https:\/\/nebimusedtrucks.eu\/wp-content\/uploads\/2025\/07\/Nebim-Used-Trucks-Favicon.webp\" \/>\n\t<meta property=\"og:image:width\" content=\"512\" \/>\n\t<meta property=\"og:image:height\" content=\"512\" \/>\n\t<meta property=\"og:image:type\" content=\"image\/webp\" \/>\n<meta name=\"twitter:card\" content=\"summary_large_image\" \/>\n<meta name=\"twitter:label1\" content=\"Dur\u00e9e de lecture estim\u00e9e\" \/>\n\t<meta name=\"twitter:data1\" content=\"6 minutes\" \/>\n<script type=\"application\/ld+json\" class=\"yoast-schema-graph\">{\"@context\":\"https:\/\/schema.org\",\"@graph\":[{\"@type\":\"WebPage\",\"@id\":\"https:\/\/nebimusedtrucks.eu\/privacyverklaring\/\",\"url\":\"https:\/\/nebimusedtrucks.eu\/privacyverklaring\/\",\"name\":\"Privacyverklaring - Nebim Used Trucks\",\"isPartOf\":{\"@id\":\"https:\/\/nebimusedtrucks.eu\/#website\"},\"datePublished\":\"2025-07-15T06:19:54+00:00\",\"dateModified\":\"2025-07-15T06:20:54+00:00\",\"breadcrumb\":{\"@id\":\"https:\/\/nebimusedtrucks.eu\/privacyverklaring\/#breadcrumb\"},\"inLanguage\":\"fr-FR\",\"potentialAction\":[{\"@type\":\"ReadAction\",\"target\":[\"https:\/\/nebimusedtrucks.eu\/privacyverklaring\/\"]}]},{\"@type\":\"BreadcrumbList\",\"@id\":\"https:\/\/nebimusedtrucks.eu\/privacyverklaring\/#breadcrumb\",\"itemListElement\":[{\"@type\":\"ListItem\",\"position\":1,\"name\":\"Home\",\"item\":\"https:\/\/nebimusedtrucks.eu\/\"},{\"@type\":\"ListItem\",\"position\":2,\"name\":\"Privacyverklaring\"}]},{\"@type\":\"WebSite\",\"@id\":\"https:\/\/nebimusedtrucks.eu\/#website\",\"url\":\"https:\/\/nebimusedtrucks.eu\/\",\"name\":\"Nebim Used Trucks\",\"description\":\"Het juiste adres voor aankoop en verkoop van gebruikte trucks, trailers en bedrijfswagens\",\"publisher\":{\"@id\":\"https:\/\/nebimusedtrucks.eu\/#organization\"},\"potentialAction\":[{\"@type\":\"SearchAction\",\"target\":{\"@type\":\"EntryPoint\",\"urlTemplate\":\"https:\/\/nebimusedtrucks.eu\/?s={search_term_string}\"},\"query-input\":{\"@type\":\"PropertyValueSpecification\",\"valueRequired\":true,\"valueName\":\"search_term_string\"}}],\"inLanguage\":\"fr-FR\"},{\"@type\":\"Organization\",\"@id\":\"https:\/\/nebimusedtrucks.eu\/#organization\",\"name\":\"Nebim Used Trucks\",\"url\":\"https:\/\/nebimusedtrucks.eu\/\",\"logo\":{\"@type\":\"ImageObject\",\"inLanguage\":\"fr-FR\",\"@id\":\"https:\/\/nebimusedtrucks.eu\/#\/schema\/logo\/image\/\",\"url\":\"https:\/\/nebimusedtrucks.eu\/wp-content\/uploads\/2025\/06\/2019-nebim-used-trucks_RGB.png\",\"contentUrl\":\"https:\/\/nebimusedtrucks.eu\/wp-content\/uploads\/2025\/06\/2019-nebim-used-trucks_RGB.png\",\"width\":1192,\"height\":380,\"caption\":\"Nebim Used Trucks\"},\"image\":{\"@id\":\"https:\/\/nebimusedtrucks.eu\/#\/schema\/logo\/image\/\"},\"sameAs\":[\"https:\/\/www.facebook.com\/NebimUsedTrucks\",\"https:\/\/www.instagram.com\/nebim_used_trucks\/\",\"https:\/\/www.linkedin.com\/company\/10540837\/admin\/page-posts\/published\/\"]}]}<\/script>\n<!-- \/ Yoast SEO plugin. -->","yoast_head_json":{"title":"D\u00e9claration de confidentialit\u00e9 - Nebim Used Trucks","robots":{"index":"index","follow":"follow","max-snippet":"max-snippet:-1","max-image-preview":"max-image-preview:large","max-video-preview":"max-video-preview:-1"},"canonical":"https:\/\/nebimusedtrucks.eu\/fr\/declaration-de-confidentialite\/","og_locale":"fr_FR","og_type":"article","og_title":"Privacyverklaring - Nebim Used Trucks","og_description":"Privacyverklaring Nebim Groep, hieronder worden bovenstaande handelsnamen onder verstaan, is verantwoordelijk voor de verwerking van persoonsgegevens zoals weergegeven in deze privacyverklaring. Persoonsgegevens Onder persoonsgegevens verstaan wij alle gegevens waarmee personen individueel te identificeren zijn. Wij verwerken uw persoonsgegevens doordat u gebruik maakt van onze diensten en\/of omdat u deze gegevens zelf aan ons verstrekt. Hieronder [&hellip;]","og_url":"https:\/\/nebimusedtrucks.eu\/fr\/declaration-de-confidentialite\/","og_site_name":"Nebim Used Trucks","article_publisher":"https:\/\/www.facebook.com\/NebimUsedTrucks","article_modified_time":"2025-07-15T06:20:54+00:00","og_image":[{"width":512,"height":512,"url":"https:\/\/nebimusedtrucks.eu\/wp-content\/uploads\/2025\/07\/Nebim-Used-Trucks-Favicon.webp","type":"image\/webp"}],"twitter_card":"summary_large_image","twitter_misc":{"Dur\u00e9e de lecture estim\u00e9e":"6 minutes"},"schema":{"@context":"https:\/\/schema.org","@graph":[{"@type":"WebPage","@id":"https:\/\/nebimusedtrucks.eu\/privacyverklaring\/","url":"https:\/\/nebimusedtrucks.eu\/privacyverklaring\/","name":"D\u00e9claration de confidentialit\u00e9 - Nebim Used Trucks","isPartOf":{"@id":"https:\/\/nebimusedtrucks.eu\/#website"},"datePublished":"2025-07-15T06:19:54+00:00","dateModified":"2025-07-15T06:20:54+00:00","breadcrumb":{"@id":"https:\/\/nebimusedtrucks.eu\/privacyverklaring\/#breadcrumb"},"inLanguage":"fr-FR","potentialAction":[{"@type":"ReadAction","target":["https:\/\/nebimusedtrucks.eu\/privacyverklaring\/"]}]},{"@type":"BreadcrumbList","@id":"https:\/\/nebimusedtrucks.eu\/privacyverklaring\/#breadcrumb","itemListElement":[{"@type":"ListItem","position":1,"name":"Home","item":"https:\/\/nebimusedtrucks.eu\/"},{"@type":"ListItem","position":2,"name":"Privacyverklaring"}]},{"@type":"WebSite","@id":"https:\/\/nebimusedtrucks.eu\/#website","url":"https:\/\/nebimusedtrucks.eu\/","name":"Nebim Used Trucks","description":"La bonne adresse pour l'achat et la vente de camions, remorques et v\u00e9hicules utilitaires d'occasion","publisher":{"@id":"https:\/\/nebimusedtrucks.eu\/#organization"},"potentialAction":[{"@type":"SearchAction","target":{"@type":"EntryPoint","urlTemplate":"https:\/\/nebimusedtrucks.eu\/?s={search_term_string}"},"query-input":{"@type":"PropertyValueSpecification","valueRequired":true,"valueName":"search_term_string"}}],"inLanguage":"fr-FR"},{"@type":"Organization","@id":"https:\/\/nebimusedtrucks.eu\/#organization","name":"Nebim Used Trucks","url":"https:\/\/nebimusedtrucks.eu\/","logo":{"@type":"ImageObject","inLanguage":"fr-FR","@id":"https:\/\/nebimusedtrucks.eu\/#\/schema\/logo\/image\/","url":"https:\/\/nebimusedtrucks.eu\/wp-content\/uploads\/2025\/06\/2019-nebim-used-trucks_RGB.png","contentUrl":"https:\/\/nebimusedtrucks.eu\/wp-content\/uploads\/2025\/06\/2019-nebim-used-trucks_RGB.png","width":1192,"height":380,"caption":"Nebim Used Trucks"},"image":{"@id":"https:\/\/nebimusedtrucks.eu\/#\/schema\/logo\/image\/"},"sameAs":["https:\/\/www.facebook.com\/NebimUsedTrucks","https:\/\/www.instagram.com\/nebim_used_trucks\/","https:\/\/www.linkedin.com\/company\/10540837\/admin\/page-posts\/published\/"]}]}},"_links":{"self":[{"href":"https:\/\/nebimusedtrucks.eu\/fr\/wp-json\/wp\/v2\/pages\/68840","targetHints":{"allow":["GET"]}}],"collection":[{"href":"https:\/\/nebimusedtrucks.eu\/fr\/wp-json\/wp\/v2\/pages"}],"about":[{"href":"https:\/\/nebimusedtrucks.eu\/fr\/wp-json\/wp\/v2\/types\/page"}],"author":[{"embeddable":true,"href":"https:\/\/nebimusedtrucks.eu\/fr\/wp-json\/wp\/v2\/users\/1"}],"replies":[{"embeddable":true,"href":"https:\/\/nebimusedtrucks.eu\/fr\/wp-json\/wp\/v2\/comments?post=68840"}],"version-history":[{"count":2,"href":"https:\/\/nebimusedtrucks.eu\/fr\/wp-json\/wp\/v2\/pages\/68840\/revisions"}],"predecessor-version":[{"id":68842,"href":"https:\/\/nebimusedtrucks.eu\/fr\/wp-json\/wp\/v2\/pages\/68840\/revisions\/68842"}],"wp:attachment":[{"href":"https:\/\/nebimusedtrucks.eu\/fr\/wp-json\/wp\/v2\/media?parent=68840"}],"curies":[{"name":"wp","href":"https:\/\/api.w.org\/{rel}","templated":true}]}}